{"id":2,"date":"2018-07-27T20:07:54","date_gmt":"2018-07-27T20:07:54","guid":{"rendered":"https:\/\/lylo.mesracinescambodge.fr\/?page_id=2"},"modified":"2019-02-18T08:31:01","modified_gmt":"2019-02-18T06:31:01","slug":"sample-page","status":"publish","type":"page","link":"https:\/\/lylo.mesracinescambodge.fr\/?page_id=2","title":{"rendered":"Pr\u00e9paration du projet"},"content":{"rendered":"<p style=\"text-align: justify;\">Dans cette partie du blog vous retrouverez toute la <span style=\"color: #008080;\"><strong>pr\u00e9paration du projet<\/strong><\/span> en partant de nos diff\u00e9rentes <span style=\"color: #008080;\"><strong>d\u00e9marches<\/strong><\/span>, de nos nombreuses <span style=\"color: #008080;\"><strong>rencontres<\/strong><\/span>, des <span style=\"color: #008080;\"><strong>actions <\/strong><\/span>que l\u2019on a r\u00e9alis\u00e9\u2026 qui vont nous permettre, on l\u2019esp\u00e8re, d\u2019appr\u00e9hender au mieux notre d\u00e9part.<\/p>\n<p><img decoding=\"async\" loading=\"lazy\" class=\"aligncenter size-full wp-image-563\" src=\"https:\/\/lylo.mesracinescambodge.fr\/wp-content\/uploads\/2018\/11\/20181114_110122-1.jpg\" alt=\"\" width=\"3264\" height=\"1836\" srcset=\"https:\/\/lylo.mesracinescambodge.fr\/wp-content\/uploads\/2018\/11\/20181114_110122-1.jpg 3264w, https:\/\/lylo.mesracinescambodge.fr\/wp-content\/uploads\/2018\/11\/20181114_110122-1-300x169.jpg 300w, https:\/\/lylo.mesracinescambodge.fr\/wp-content\/uploads\/2018\/11\/20181114_110122-1-768x432.jpg 768w, https:\/\/lylo.mesracinescambodge.fr\/wp-content\/uploads\/2018\/11\/20181114_110122-1-1024x576.jpg 1024w\" sizes=\"(max-width: 706px) 89vw, (max-width: 767px) 82vw, 740px\" \/><\/p>\n<p style=\"text-align: justify;\">Nous avons la volont\u00e9 de ne pas simplement vous <span style=\"color: #008080;\"><strong>partager notre exp\u00e9rience<\/strong> <\/span>une fois l\u00e0-bas. Nous souhaitons vous rendre compte aussi de tout l\u2019avant d\u00e9part en vous relatant notre parcours, nos diff\u00e9rents questionnements, les personnes\/institutions ayant \u00e9t\u00e9 ressources pour nous\u2026 Peut-\u00eatre que notre projet r\u00e9veillera en vous cette <span style=\"color: #008080;\"><strong>envie de voyages, de rencontres et d\u2019aventures<\/strong>&#8230;<\/span> Mais comment faire\u00a0? Comment s\u2019y prendre\u00a0? Vous visualisez cette immense montagne\u00a0o\u00f9 le sommet semble inaccessible\u00a0? Et si nous vous disions que c\u2019est possible\u00a0!<\/p>\n<p style=\"text-align: justify;\">Nous esp\u00e9rons que cette partie du blog pourra vous aider, vous motiver, \u00eatre une ressource tant pour celui qui voudra s\u2019engager dans cette <span style=\"color: #008080;\"><strong>merveilleuse exp\u00e9rience <\/strong><\/span>de <span style=\"color: #008080;\"><strong>projet d\u2019aide \u00e0 la solidarit\u00e9 internationale<\/strong><\/span>, que pour celui qui sera curieux de comprendre comment notre projet s\u2019est mis en place, ou que pour ceux qui voudront se rassurer que l\u2019on ne part pas sur un simple coup de t\u00eate mais que tout <span style=\"color: #008080;\"><strong>ce projet prend vraiment sens<\/strong><\/span> pour nous.<\/p>\n<p style=\"text-align: center;\"><span style=\"font-size: 18pt;\"><span style=\"color: #2f632f;\"><strong>5<\/strong><\/span>\u2013<span style=\"color: #b07693;\"><strong> 4 <\/strong><\/span>\u2013<span style=\"color: #4c92b0;\"><strong> 3 <\/strong><\/span>\u2013<span style=\"color: #d48b42;\"><strong> 2 <\/strong><\/span>\u2013<span style=\"color: #c5c748;\"><strong> 1<\/strong><\/span>\u00a0 et C\u2019EST PARTI\u00a0!!!<\/span><\/p>\n<p>Cliquez sur l&rsquo;article qui vous int\u00e9resse pour en savoir plus !<\/p>\n<p><span style=\"font-size: 12pt;\"><a href=\"https:\/\/lylo.mesracinescambodge.fr\/?p=118\">1- Un accompagnement avec la Maison des Citoyens du Monde.\u00a0<\/a><\/span><\/p>\n<p><span style=\"font-size: 12pt;\"><a style=\"color: #000000;\" href=\"https:\/\/lylo.mesracinescambodge.fr\/?p=163\">2- Nos petites et grandes questions.<\/a><\/span><\/p>\n<p><span style=\"color: #000000; font-size: 12pt;\"><a style=\"color: #000000;\" href=\"https:\/\/lylo.mesracinescambodge.fr\/?p=216\">3- \u00c9crire un budget\u00a0pr\u00e9visionnel.\u00a0<\/a><\/span><\/p>\n<p><a href=\"https:\/\/lylo.mesracinescambodge.fr\/?p=338\"><span style=\"font-size: 12pt;\">4- Rechercher des sponsors : r\u00e9diger un dossier sponsoring.<\/span><\/a><\/p>\n<p><a href=\"https:\/\/lylo.mesracinescambodge.fr\/?p=828\">5- Nos partenaires financiers<\/a><\/p>\n<p><span style=\"font-size: 12pt;\">6- Demande de subvention : <a href=\"https:\/\/lylo.mesracinescambodge.fr\/?p=122\">la bourse CLAP avec la ville de Nantes\u00a0,<\/a>\u00a0la <a href=\"https:\/\/lylo.mesracinescambodge.fr\/?p=939\">bourse Initiative Jeunesse de la CCEG<\/a> (Communaut\u00e9 de Communes Erdre et Gesvres)<\/span><\/p>\n<p><span style=\"font-size: 12pt;\"><a href=\"https:\/\/lylo.mesracinescambodge.fr\/?page_id=9\">7- R\u00e9daction de notre projet afin de cibler nos objectifs.<\/a><\/span><\/p>\n<p><a href=\"https:\/\/lylo.mesracinescambodge.fr\/?p=405&amp;preview=true\"><span style=\"font-size: 12pt;\">8- Notre rencontre avec l&rsquo;ASAN et les cours de langue khmer.\u00a0<\/span><\/a><\/p>\n<p><span style=\"font-size: 12pt;\"><a href=\"https:\/\/lylo.mesracinescambodge.fr\/?page_id=111\">9- Prendre contact avec des associations et r\u00e9fl\u00e9chir \u00e0 des petits projets avec chacun d&rsquo;eux.\u00a0<\/a><\/span><\/p>\n<p><span style=\"font-size: 12pt;\">10-\u00a0<a href=\"https:\/\/lylo.mesracinescambodge.fr\/?p=416\">Notre itin\u00e9raire<\/a>.<\/span><\/p>\n<p><span style=\"font-size: 12pt;\">11- <a href=\"https:\/\/lylo.mesracinescambodge.fr\/?p=379\">Les petits trucs \u00e0 ne pas oublier avant de partir et les adresses utiles<\/a> (assurance, billets, visas, passeports, t\u00e9l\u00e9phone, pharmacie&#8230;).<\/span><\/p>\n<p><a href=\"https:\/\/lylo.mesracinescambodge.fr\/?page_id=367\"><span style=\"font-size: 12pt;\">12- Un projet de correspondance avec une \u00e9cole primaire durant nos 9 mois de voyage.<\/span><\/a><\/p>\n<p><span style=\"font-size: 12pt;\">13- Et le retour ? Nos id\u00e9es pour continuer \u00e0 faire vivre cette aventure.<\/span><\/p>\n<p><span style=\"color: #800000;\">\u25ca <strong>EN COURS\u00a0<\/strong><\/span><span style=\"color: #800000;\"><strong>D\u2019\u00c9<\/strong><b>CRITURE <\/b>POUR LES POINTS NON SOULIGNES<\/span><b>\u00a0\u25ca<\/b><\/p>\n","protected":false},"excerpt":{"rendered":"<p>Dans cette partie du blog vous retrouverez toute la pr\u00e9paration du projet en partant de nos diff\u00e9rentes d\u00e9marches, de nos nombreuses rencontres, des actions que l\u2019on a r\u00e9alis\u00e9\u2026 qui vont nous permettre, on l\u2019esp\u00e8re, d\u2019appr\u00e9hender au mieux notre d\u00e9part. Nous avons la volont\u00e9 de ne pas simplement vous partager notre exp\u00e9rience une fois l\u00e0-bas. Nous &hellip; <\/p>\n<p class=\"link-more\"><a href=\"https:\/\/lylo.mesracinescambodge.fr\/?page_id=2\" class=\"more-link\">Continuer la lecture<span class=\"screen-reader-text\"> de &laquo;&nbsp;Pr\u00e9paration du projet&nbsp;&raquo;<\/span><\/a><\/p>\n","protected":false},"author":1,"featured_media":0,"parent":0,"menu_order":4,"comment_status":"closed","ping_status":"open","template":"","meta":{"footnotes":""},"_links":{"self":[{"href":"https:\/\/lylo.mesracinescambodge.fr\/index.php?rest_route=\/wp\/v2\/pages\/2"}],"collection":[{"href":"https:\/\/lylo.mesracinescambodge.fr\/index.php?rest_route=\/wp\/v2\/pages"}],"about":[{"href":"https:\/\/lylo.mesracinescambodge.fr\/index.php?rest_route=\/wp\/v2\/types\/page"}],"author":[{"embeddable":true,"href":"https:\/\/lylo.mesracinescambodge.fr\/index.php?rest_route=\/wp\/v2\/users\/1"}],"replies":[{"embeddable":true,"href":"https:\/\/lylo.mesracinescambodge.fr\/index.php?rest_route=%2Fwp%2Fv2%2Fcomments&post=2"}],"version-history":[{"count":52,"href":"https:\/\/lylo.mesracinescambodge.fr\/index.php?rest_route=\/wp\/v2\/pages\/2\/revisions"}],"predecessor-version":[{"id":1089,"href":"https:\/\/lylo.mesracinescambodge.fr\/index.php?rest_route=\/wp\/v2\/pages\/2\/revisions\/1089"}],"wp:attachment":[{"href":"https:\/\/lylo.mesracinescambodge.fr\/index.php?rest_route=%2Fwp%2Fv2%2Fmedia&parent=2"}],"curies":[{"name":"wp","href":"https:\/\/api.w.org\/{rel}","templated":true}]}}