{"id":444,"date":"2018-11-11T20:04:40","date_gmt":"2018-11-11T18:04:40","guid":{"rendered":"https:\/\/lylo.mesracinescambodge.fr\/?page_id=444"},"modified":"2018-11-15T18:55:37","modified_gmt":"2018-11-15T16:55:37","slug":"1ere-semaine-a-phnom-penh","status":"publish","type":"page","link":"https:\/\/lylo.mesracinescambodge.fr\/?page_id=444","title":{"rendered":"1\u00e8re semaine \u00e0 Phnom Penh"},"content":{"rendered":"<ul>\n<li><a href=\"https:\/\/lylo.mesracinescambodge.fr\/?p=450\">Notre premier jour &#8211; arriv\u00e9e \u00e0 Phnom Penh, chez Charat.<\/a><\/li>\n<li><a href=\"https:\/\/lylo.mesracinescambodge.fr\/wp-content\/uploads\/2018\/11\/GOPR0948.mp4\">Petit film de notre arriv\u00e9e : GOPR0948<\/a><\/li>\n<li><a href=\"https:\/\/lylo.mesracinescambodge.fr\/?p=467\">Deuxi\u00e8me jour \u2013 arriv\u00e9e chez Jean<\/a><\/li>\n<li><a href=\"https:\/\/lylo.mesracinescambodge.fr\/?p=475\">Troisi\u00e8me jour &#8211; Psaar Toul Tum Pong &amp; monument de l&rsquo;Ind\u00e9pendance<\/a><\/li>\n<li><a href=\"https:\/\/lylo.mesracinescambodge.fr\/?p=488\">Quatri\u00e8me jour &#8211; Tuol Sleng, mus\u00e9e du g\u00e9nocide, camps S.21<\/a><\/li>\n<li><a href=\"https:\/\/lylo.mesracinescambodge.fr\/?p=500\">Cinqui\u00e8me jour \u2013 Wat Phnom &amp; March\u00e9 central<\/a><\/li>\n<\/ul>\n","protected":false},"excerpt":{"rendered":"<p>Notre premier jour &#8211; arriv\u00e9e \u00e0 Phnom Penh, chez Charat. Petit film de notre arriv\u00e9e : GOPR0948 Deuxi\u00e8me jour \u2013 arriv\u00e9e chez Jean Troisi\u00e8me jour &#8211; Psaar Toul Tum Pong &amp; monument de l&rsquo;Ind\u00e9pendance Quatri\u00e8me jour &#8211; Tuol Sleng, mus\u00e9e du g\u00e9nocide, camps S.21 Cinqui\u00e8me jour \u2013 Wat Phnom &amp; March\u00e9 central<\/p>\n","protected":false},"author":3,"featured_media":458,"parent":0,"menu_order":0,"comment_status":"closed","ping_status":"closed","template":"","meta":{"footnotes":""},"_links":{"self":[{"href":"https:\/\/lylo.mesracinescambodge.fr\/index.php?rest_route=\/wp\/v2\/pages\/444"}],"collection":[{"href":"https:\/\/lylo.mesracinescambodge.fr\/index.php?rest_route=\/wp\/v2\/pages"}],"about":[{"href":"https:\/\/lylo.mesracinescambodge.fr\/index.php?rest_route=\/wp\/v2\/types\/page"}],"author":[{"embeddable":true,"href":"https:\/\/lylo.mesracinescambodge.fr\/index.php?rest_route=\/wp\/v2\/users\/3"}],"replies":[{"embeddable":true,"href":"https:\/\/lylo.mesracinescambodge.fr\/index.php?rest_route=%2Fwp%2Fv2%2Fcomments&post=444"}],"version-history":[{"count":11,"href":"https:\/\/lylo.mesracinescambodge.fr\/index.php?rest_route=\/wp\/v2\/pages\/444\/revisions"}],"predecessor-version":[{"id":513,"href":"https:\/\/lylo.mesracinescambodge.fr\/index.php?rest_route=\/wp\/v2\/pages\/444\/revisions\/513"}],"wp:featuredmedia":[{"embeddable":true,"href":"https:\/\/lylo.mesracinescambodge.fr\/index.php?rest_route=\/wp\/v2\/media\/458"}],"wp:attachment":[{"href":"https:\/\/lylo.mesracinescambodge.fr\/index.php?rest_route=%2Fwp%2Fv2%2Fmedia&parent=444"}],"curies":[{"name":"wp","href":"https:\/\/api.w.org\/{rel}","templated":true}]}}