{"id":5,"date":"2018-07-27T20:10:42","date_gmt":"2018-07-27T20:10:42","guid":{"rendered":"https:\/\/lylo.mesracinescambodge.fr\/?page_id=5"},"modified":"2019-01-24T06:10:41","modified_gmt":"2019-01-24T04:10:41","slug":"home","status":"publish","type":"page","link":"https:\/\/lylo.mesracinescambodge.fr\/","title":{"rendered":"Accueil"},"content":{"rendered":"<p align=\"center\"><span style=\"color: #808000; font-family: tahoma,arial,helvetica,sans-serif; font-size: 18pt;\"><strong>Hello tout le monde,<\/strong><\/span><\/p>\n<p align=\"center\"><span style=\"font-family: tahoma,arial,helvetica,sans-serif; font-size: 18pt;\"><strong><span style=\"color: #008080;\">Bien<\/span><\/strong><strong><span style=\"color: #008080;\">venue sur le grand, le beau, le merveilleux le fameux&#8230;<\/span><\/strong><\/span><\/p>\n<p align=\"center\"><span style=\"color: #008080; font-family: tahoma,arial,helvetica,sans-serif; font-size: 18pt;\"><strong>Le blog Lylo&rsquo;Cambodge !<\/strong><\/span><\/p>\n<p align=\"center\"><span style=\"font-family: tahoma,arial,helvetica,sans-serif; font-size: 14pt;\"><em>**applause**<\/em><\/span><\/p>\n<p style=\"text-align: justify;\"><span style=\"font-family: tahoma,arial,helvetica,sans-serif; font-size: 14pt;\">Bon, apr\u00e8s tout cet engouement, voici une petite pr\u00e9sentation de notre projet tant r\u00eav\u00e9 !<\/span><\/p>\n<p style=\"text-align: justify;\"><span style=\"font-family: tahoma,arial,helvetica,sans-serif; font-size: 14pt;\">Nous sommes\u00a0deux\u00a0<s>\u00e9tudiantes en derni\u00e8re ann\u00e9e de formation d&rsquo;<\/s>\u00a0<span style=\"color: #008080;\"><strong>\u00e9ducatrices de jeunes enfants<\/strong>\u00a0<\/span>(youpiii, dipl\u00f4me en poche!!!), et nous avons comme projet de partir\u00a0<span style=\"color: #008080;\"><strong>9 mois\u00a0au\u00a0Cambodge<\/strong><\/span>, \u00e0 partir du 6 Novembre 2018 au 16 Juillet 2019 (eh oui les billets sont achet\u00e9s!).<\/span><\/p>\n<p><span style=\"font-family: tahoma,arial,helvetica,sans-serif; font-size: 14pt;\"><span style=\"color: #008080;\"><strong>\u00a0\u00bb Mais&#8230; Pourquoi Lylo&rsquo;Cambodge ? \u00a0\u00bb <\/strong><\/span>Elyse, son surnom c&rsquo;est Lyly. Lauranne, son surnom c&rsquo;est Lolo. Et Lyly et Lolo vont au Cambodge. Alors&#8230; <span style=\"color: #008080;\"><strong>LyLo&rsquo;Cambodge<\/strong><\/span> ! Tout simplement !<br \/>\n<\/span><\/p>\n<p style=\"text-align: center;\"><span style=\"font-family: tahoma,arial,helvetica,sans-serif;\"><span style=\"font-size: 14pt;\"><em>(Voici nos t\u00eates quand m\u00eame : sur votre gauche,\u00a0<\/em><\/span><em style=\"font-size: 18.66px;\">la blonde aux yeux bleus\u00a0<\/em><em style=\"font-size: 14pt;\">c&rsquo;est Lauranne et donc \u00e9videmment sur votre droite\u00a0<\/em><em style=\"font-size: 14pt;\">la brune aux yeux verts\u00a0<\/em><em style=\"font-size: 14pt;\">c&rsquo;est Elyse)<img decoding=\"async\" loading=\"lazy\" class=\"alignnone wp-image-761 size-full\" src=\"https:\/\/lylo.mesracinescambodge.fr\/wp-content\/uploads\/2018\/12\/40790518_1109514985873918_2011170779118436352_n.jpg\" alt=\"\" width=\"570\" height=\"399\" srcset=\"https:\/\/lylo.mesracinescambodge.fr\/wp-content\/uploads\/2018\/12\/40790518_1109514985873918_2011170779118436352_n.jpg 570w, https:\/\/lylo.mesracinescambodge.fr\/wp-content\/uploads\/2018\/12\/40790518_1109514985873918_2011170779118436352_n-300x210.jpg 300w\" sizes=\"(max-width: 570px) 100vw, 570px\" \/><\/em><\/span><\/p>\n<p style=\"text-align: justify;\"><span style=\"font-family: tahoma,arial,helvetica,sans-serif; font-size: 14pt;\">En tant qu&rsquo;\u00e9ducatrices de jeunes enfants, l&rsquo;une de nos missions principales est de contribuer \u00e0 l&rsquo;\u00e9veil des jeunes enfants (0\/7 ans) et de les encourager vers une certaine autonomie, tout en participant \u00e0 leur socialisation.<\/span><\/p>\n<p style=\"text-align: justify;\"><span style=\"font-family: tahoma,arial,helvetica,sans-serif; font-size: 14pt;\">Pour nous, ce voyage s&rsquo;inscrit dans une continuit\u00e9 de notre formation d&rsquo;EJE. Il aura un impact tant personnellement que professionnellement : c&rsquo;est pour cela que nous orientons notre\u00a0<span style=\"color: #008080;\"><strong>projet autour du jeu<\/strong>.<\/span> On vous en dit plus<span style=\"color: #e63030;\"><strong>\u00a0<\/strong><span style=\"color: #800000;\"><a style=\"color: #800000;\" href=\"https:\/\/lylo.mesracinescambodge.fr\/?page_id=9\" target=\"_blank\" rel=\"noopener\"><strong>ici<\/strong>\u00a0<\/a>!<\/span><\/span><\/span><\/p>\n<p style=\"text-align: justify;\"><span style=\"font-family: tahoma,arial,helvetica,sans-serif;\"><span style=\"font-size: 14pt;\">On a l&rsquo;envie de d\u00e9couvrir plusieurs institutions cambodgiennes en lien avec l&rsquo;\u00e9ducation des enfants et adolescents. Nous serons probablement (on est actuellement dans les prises de contacts avec les assos) amen\u00e9es \u00e0 aller \u00e0 Phnom Penh, Siem Reap, Sihanoukville,\u00a0<\/span><span style=\"font-size: 18.66px;\">Kep<\/span><span style=\"font-size: 14pt;\">&#8230; Les d\u00e9marches sont en cours, on vous invite \u00e0 cliquer sur l&rsquo;article <\/span><span style=\"color: #800000;\"><a style=\"color: #800000; font-size: 14pt;\" href=\"https:\/\/lylo.mesracinescambodge.fr\/?page_id=111\"><strong>Asso<\/strong><\/a><\/span><span style=\"font-size: 14pt;\"><span style=\"color: #800000;\">\u00a0q<\/span>ui sera actualis\u00e9 qui fur et \u00e0 mesure.<\/span><\/span><\/p>\n<p style=\"text-align: justify;\"><span style=\"font-family: tahoma,arial,helvetica,sans-serif; font-size: 14pt;\">Toutes ces rencontres vont nous permettre de\u00a0<span style=\"color: #008080;\"><strong>d\u00e9couvrir<\/strong><\/span>, d<span style=\"color: #008080;\">&lsquo;<strong>\u00e9changer<\/strong><\/span>\u00a0sur les diff\u00e9rentes <span style=\"color: #008080;\"><strong>pratiques \u00e9ducatives<\/strong><\/span>, d&rsquo;en comprendre le sens et de voir<strong>\u00a0<\/strong><span style=\"color: #008080;\"><strong>l&rsquo;influence de la culture<\/strong>\u00a0<\/span>sur l&rsquo;\u00e9ducatif&#8230; Et tout simplement prendre le temps de la\u00a0<span style=\"color: #008080;\"><strong>rencontre\u00a0!\u00a0<\/strong><\/span><\/span><\/p>\n<p><span style=\"font-family: tahoma,arial,helvetica,sans-serif; font-size: 14pt;\">Afin de cr\u00e9er des liens avec les enfants, nous avons aussi en t\u00eate des petites id\u00e9es d&rsquo;activit\u00e9s, de jeux \u00e0 faire une fois sur place en fonction de leurs envies : des sorties culturelles, un projet artistique cr\u00e9er enti\u00e8rement par les enfants (danse, musique&#8230;), des jeux sportifs&#8230;<\/span><\/p>\n<p style=\"text-align: justify;\"><span style=\"font-family: tahoma,arial,helvetica,sans-serif; font-size: 14pt;\">Pour mener \u00e0 bien ce projet, nous avons cr\u00e9\u00e9 une cagnotte en ligne. Cette\u00a0<span style=\"color: #800000;\"><strong><a style=\"color: #800000;\" href=\"https:\/\/www.papayoux.com\/fr\/cagnotte\/le-jeu-le-langage-des-enfants-au-dela-des-frontieres\" target=\"_blank\" rel=\"noopener\">cagnotte Papayoux<\/a><\/strong>\u00a0<\/span>est l\u00e0 pour nous permettre de nous aider \u00e0 acheter du mat\u00e9riel \u00e9ducatif, organiser des sorties culturelles avec les enfants, prendre en charge nos d\u00e9placements lorsque nous irons rencontrer d&rsquo;autres professionnels de la petite enfance au Cambodge.<\/span><\/p>\n<p style=\"text-align: justify;\"><span style=\"font-family: tahoma,arial,helvetica,sans-serif; font-size: 14pt;\">Pour en savoir plus sur notre projet, n&rsquo;h\u00e9sitez pas \u00e0 nous contacter par <strong>mail<\/strong> \u00e0<span style=\"color: #800000;\">\u00a0<\/span><span style=\"color: #40667a;\"><a style=\"color: #40667a;\" href=\"mailto:lylo@mesracinescambodge.fr\" target=\"_blank\" rel=\"noopener\"><strong>lylo@mesracinescambodge.fr<\/strong><\/a> <\/span>ou sur<strong> Facebook<span style=\"color: #40667a;\">\u00a0<a style=\"color: #40667a;\" href=\"https:\/\/www.facebook.com\/LyloCambodge\/\" target=\"_blank\" rel=\"noopener\">Lylo&rsquo;Cambodge<\/a>\u00a0!<\/span><\/strong><\/span><\/p>\n<p style=\"text-align: center;\"><span style=\"font-family: tahoma,arial,helvetica,sans-serif; font-size: 18pt;\"><strong>Un grand merci pour l&rsquo;int\u00e9r\u00eat que vous portez \u00e0 notre projet !<\/strong><\/span><\/p>\n<p><img decoding=\"async\" loading=\"lazy\" class=\"aligncenter wp-image-954 size-full\" src=\"https:\/\/lylo.mesracinescambodge.fr\/wp-content\/uploads\/2019\/01\/capture-partenaire-e1548302981597.png\" alt=\"\" width=\"686\" height=\"379\" \/><\/p>\n","protected":false},"excerpt":{"rendered":"<p>Hello tout le monde, Bienvenue sur le grand, le beau, le merveilleux le fameux&#8230; Le blog Lylo&rsquo;Cambodge ! **applause** Bon, apr\u00e8s tout cet engouement, voici une petite pr\u00e9sentation de notre projet tant r\u00eav\u00e9 ! Nous sommes\u00a0deux\u00a0\u00e9tudiantes en derni\u00e8re ann\u00e9e de formation d&rsquo;\u00a0\u00e9ducatrices de jeunes enfants\u00a0(youpiii, dipl\u00f4me en poche!!!), et nous avons comme projet de partir\u00a09 &hellip; <\/p>\n<p class=\"link-more\"><a href=\"https:\/\/lylo.mesracinescambodge.fr\/\" class=\"more-link\">Continuer la lecture<span class=\"screen-reader-text\"> de &laquo;&nbsp;Accueil&nbsp;&raquo;<\/span><\/a><\/p>\n","protected":false},"author":1,"featured_media":0,"parent":0,"menu_order":1,"comment_status":"closed","ping_status":"closed","template":"","meta":{"footnotes":""},"_links":{"self":[{"href":"https:\/\/lylo.mesracinescambodge.fr\/index.php?rest_route=\/wp\/v2\/pages\/5"}],"collection":[{"href":"https:\/\/lylo.mesracinescambodge.fr\/index.php?rest_route=\/wp\/v2\/pages"}],"about":[{"href":"https:\/\/lylo.mesracinescambodge.fr\/index.php?rest_route=\/wp\/v2\/types\/page"}],"author":[{"embeddable":true,"href":"https:\/\/lylo.mesracinescambodge.fr\/index.php?rest_route=\/wp\/v2\/users\/1"}],"replies":[{"embeddable":true,"href":"https:\/\/lylo.mesracinescambodge.fr\/index.php?rest_route=%2Fwp%2Fv2%2Fcomments&post=5"}],"version-history":[{"count":29,"href":"https:\/\/lylo.mesracinescambodge.fr\/index.php?rest_route=\/wp\/v2\/pages\/5\/revisions"}],"predecessor-version":[{"id":955,"href":"https:\/\/lylo.mesracinescambodge.fr\/index.php?rest_route=\/wp\/v2\/pages\/5\/revisions\/955"}],"wp:attachment":[{"href":"https:\/\/lylo.mesracinescambodge.fr\/index.php?rest_route=%2Fwp%2Fv2%2Fmedia&parent=5"}],"curies":[{"name":"wp","href":"https:\/\/api.w.org\/{rel}","templated":true}]}}