{"id":6,"date":"2018-07-27T20:10:43","date_gmt":"2018-07-27T20:10:43","guid":{"rendered":"https:\/\/lylo.mesracinescambodge.fr\/?page_id=6"},"modified":"2019-01-24T06:31:39","modified_gmt":"2019-01-24T04:31:39","slug":"about","status":"publish","type":"page","link":"https:\/\/lylo.mesracinescambodge.fr\/?page_id=6","title":{"rendered":"Qui sommes-nous"},"content":{"rendered":"<div class=\"post-excerpt\">\n<p><img decoding=\"async\" loading=\"lazy\" class=\"aligncenter wp-image-912 size-large\" src=\"https:\/\/lylo.mesracinescambodge.fr\/wp-content\/uploads\/2019\/01\/20181209_124013-1024x768.jpg\" alt=\"\" width=\"525\" height=\"394\" srcset=\"https:\/\/lylo.mesracinescambodge.fr\/wp-content\/uploads\/2019\/01\/20181209_124013-1024x768.jpg 1024w, https:\/\/lylo.mesracinescambodge.fr\/wp-content\/uploads\/2019\/01\/20181209_124013-300x225.jpg 300w, https:\/\/lylo.mesracinescambodge.fr\/wp-content\/uploads\/2019\/01\/20181209_124013-768x576.jpg 768w\" sizes=\"(max-width: 525px) 100vw, 525px\" \/><\/p>\n<p style=\"text-align: justify;\"><span style=\"font-family: tahoma,arial,helvetica,sans-serif; font-size: 12pt;\">Encore des inconnues il y a 3 ans, nous nous sommes rencontr\u00e9es en formation d\u2019\u00e9ducatrice de jeunes enfants et nous voil\u00e0 ins\u00e9parables.<\/span><\/p>\n<p style=\"text-align: justify;\"><span style=\"font-family: tahoma,arial,helvetica,sans-serif; font-size: 12pt;\">Copines de promotion, copines de collocation, copines sans h\u00e9sitation.<\/span><\/p>\n<p style=\"text-align: justify;\"><span style=\"font-family: tahoma,arial,helvetica,sans-serif; font-size: 12pt;\">Et bient\u00f4t dans l\u2019avion\u00a0! <img decoding=\"async\" class=\"media\" src=\"https:\/\/lylo.mesracinescambodge.fr\/public\/.2b3485dcd7c5cf1963e549ada04db68d_sq.jpg\" alt=\"\" \/><\/span><\/p>\n<\/div>\n<div class=\"post-content\">\n<p style=\"text-align: justify;\"><span style=\"font-family: tahoma,arial,helvetica,sans-serif; font-size: 12pt;\"><strong><span style=\"color: #808000;\">CAP OU PAS CAP\u00a0?<\/span><\/strong><\/span><\/p>\n<p style=\"text-align: justify;\"><span style=\"font-family: tahoma,arial,helvetica,sans-serif; font-size: 12pt;\">Remontons en d\u00e9cembre 2016, en 2<sup>\u00e8me<\/sup> ann\u00e9e de formation d\u2019\u00e9ducateur de jeunes enfants, et pour \u00eatre pr\u00e9cis \u00e0 l\u2019\u00e9cole en salle 13\/14.<\/span><\/p>\n<p style=\"text-align: justify;\"><span style=\"font-family: tahoma,arial,helvetica,sans-serif; font-size: 12pt;\">A d\u00e9faut d\u2019\u00e9couter le cours, nous discutons de l\u2019association MRVC. Nous r\u00eavons des voyages effectu\u00e9s par des membres de cette association. La discussion d\u00e9vie sur nos envies de <span style=\"color: #008080;\"><b>voyages<\/b><\/span> dans le monde, de <span style=\"color: #008080;\"><b>d\u00e9couvertes<\/b><\/span>, d\u2019<span style=\"color: #008080;\"><b>\u00e9changes<\/b><\/span>, de <span style=\"color: #008080;\"><strong>rencontres<\/strong><\/span>\u2026<\/span><\/p>\n<p style=\"text-align: justify;\"><span style=\"font-family: tahoma,arial,helvetica,sans-serif; font-size: 12pt;\">Le lien parait alors \u00e9vident\u2026 Sourires na\u00effs \u00e9chang\u00e9s entre nous, regards qui p\u00e9tillent\u2026 Tout commence par ces quatre mots\u00a0:<\/span><\/p>\n<p style=\"text-align: justify;\" align=\"center\"><span style=\"color: #008080; font-family: tahoma,arial,helvetica,sans-serif; font-size: 12pt;\"><b>CAP OU PAS CAP\u00a0?<\/b><\/span><\/p>\n<p style=\"text-align: justify;\"><span style=\"font-family: tahoma,arial,helvetica,sans-serif; font-size: 12pt;\">Le 3\u00a0janvier 2017, le verdict tombe\u00a0; vous vous doutez bien de la r\u00e9ponse si vous lisez ces quelques lignes\u00a0!<\/span><\/p>\n<ul style=\"text-align: justify;\">\n<li><span style=\"font-family: tahoma,arial,helvetica,sans-serif; font-size: 12pt;\">\u00abAllo Papa, Maman\u00a0? <b>On part au Cambodge !<\/b>\u00bb<\/span><\/li>\n<\/ul>\n<p style=\"text-align: justify;\"><span style=\"font-family: tahoma,arial,helvetica,sans-serif; font-size: 12pt;\">Cette d\u00e9cision s\u2019en est suivie de nombreuses questions\u00a0: comment faire\u00a0? Qui contacter\u00a0? Avec quel argent\u00a0? O\u00f9\u00a0? Combien de temps\u00a0? Quel projet\u00a0?<\/span><\/p>\n<p style=\"text-align: justify;\"><span style=\"font-family: tahoma,arial,helvetica,sans-serif; font-size: 12pt;\"><span style=\"color: #008080;\"><b>Nous sommes motiv\u00e9es<\/b><\/span>, il est temps de passer \u00e0 la concr\u00e9tisation de ce r\u00eave.<\/span><\/p>\n<\/div>\n","protected":false},"excerpt":{"rendered":"<p>Encore des inconnues il y a 3 ans, nous nous sommes rencontr\u00e9es en formation d\u2019\u00e9ducatrice de jeunes enfants et nous voil\u00e0 ins\u00e9parables. Copines de promotion, copines de collocation, copines sans h\u00e9sitation. Et bient\u00f4t dans l\u2019avion\u00a0! CAP OU PAS CAP\u00a0? Remontons en d\u00e9cembre 2016, en 2\u00e8me ann\u00e9e de formation d\u2019\u00e9ducateur de jeunes enfants, et pour \u00eatre &hellip; <\/p>\n<p class=\"link-more\"><a href=\"https:\/\/lylo.mesracinescambodge.fr\/?page_id=6\" class=\"more-link\">Continuer la lecture<span class=\"screen-reader-text\"> de &laquo;&nbsp;Qui sommes-nous&nbsp;&raquo;<\/span><\/a><\/p>\n","protected":false},"author":1,"featured_media":0,"parent":0,"menu_order":2,"comment_status":"closed","ping_status":"closed","template":"","meta":{"footnotes":""},"_links":{"self":[{"href":"https:\/\/lylo.mesracinescambodge.fr\/index.php?rest_route=\/wp\/v2\/pages\/6"}],"collection":[{"href":"https:\/\/lylo.mesracinescambodge.fr\/index.php?rest_route=\/wp\/v2\/pages"}],"about":[{"href":"https:\/\/lylo.mesracinescambodge.fr\/index.php?rest_route=\/wp\/v2\/types\/page"}],"author":[{"embeddable":true,"href":"https:\/\/lylo.mesracinescambodge.fr\/index.php?rest_route=\/wp\/v2\/users\/1"}],"replies":[{"embeddable":true,"href":"https:\/\/lylo.mesracinescambodge.fr\/index.php?rest_route=%2Fwp%2Fv2%2Fcomments&post=6"}],"version-history":[{"count":17,"href":"https:\/\/lylo.mesracinescambodge.fr\/index.php?rest_route=\/wp\/v2\/pages\/6\/revisions"}],"predecessor-version":[{"id":974,"href":"https:\/\/lylo.mesracinescambodge.fr\/index.php?rest_route=\/wp\/v2\/pages\/6\/revisions\/974"}],"wp:attachment":[{"href":"https:\/\/lylo.mesracinescambodge.fr\/index.php?rest_route=%2Fwp%2Fv2%2Fmedia&parent=6"}],"curies":[{"name":"wp","href":"https:\/\/api.w.org\/{rel}","templated":true}]}}