{"id":680,"date":"2018-12-02T11:10:16","date_gmt":"2018-12-02T09:10:16","guid":{"rendered":"https:\/\/lylo.mesracinescambodge.fr\/?page_id=680"},"modified":"2019-06-16T10:32:21","modified_gmt":"2019-06-16T08:32:21","slug":"tourisme","status":"publish","type":"page","link":"https:\/\/lylo.mesracinescambodge.fr\/?page_id=680","title":{"rendered":"Tourisme"},"content":{"rendered":"<ul>\n<li><a href=\"https:\/\/lylo.mesracinescambodge.fr\/?page_id=444\">1\u00e8re semaine \u00e0 Phnom Penh<\/a><\/li>\n<li><a href=\"https:\/\/lylo.mesracinescambodge.fr\/?p=616\">Battambang &amp; Kompong Chhnang<\/a><\/li>\n<li><a href=\"https:\/\/lylo.mesracinescambodge.fr\/?p=900\">Koh dach : l&rsquo;\u00eele de la soie\u00a0<\/a><\/li>\n<li><a href=\"https:\/\/lylo.mesracinescambodge.fr\/?p=1090\">Trekking au Mondulkiri <\/a><\/li>\n<li><a href=\"https:\/\/lylo.mesracinescambodge.fr\/?p=1145\" target=\"_blank\" rel=\"noopener noreferrer\">Phnom Kulen<\/a><\/li>\n<li><a href=\"https:\/\/lylo.mesracinescambodge.fr\/?p=987\">Les Temples d&rsquo;Angkor \u00e0 Siem Reap<\/a><\/li>\n<li><a href=\"https:\/\/lylo.mesracinescambodge.fr\/?p=1301\" target=\"_blank\" rel=\"noopener noreferrer\">3 semaines de Vacances avec nos amoureux !\u00a0<\/a><\/li>\n<\/ul>\n<p>&nbsp;<\/p>\n","protected":false},"excerpt":{"rendered":"<p>1\u00e8re semaine \u00e0 Phnom Penh Battambang &amp; Kompong Chhnang Koh dach : l&rsquo;\u00eele de la soie\u00a0 Trekking au Mondulkiri Phnom Kulen Les Temples d&rsquo;Angkor \u00e0 Siem Reap 3 semaines de Vacances avec nos amoureux !\u00a0 &nbsp;<\/p>\n","protected":false},"author":3,"featured_media":0,"parent":0,"menu_order":0,"comment_status":"closed","ping_status":"closed","template":"","meta":{"footnotes":""},"_links":{"self":[{"href":"https:\/\/lylo.mesracinescambodge.fr\/index.php?rest_route=\/wp\/v2\/pages\/680"}],"collection":[{"href":"https:\/\/lylo.mesracinescambodge.fr\/index.php?rest_route=\/wp\/v2\/pages"}],"about":[{"href":"https:\/\/lylo.mesracinescambodge.fr\/index.php?rest_route=\/wp\/v2\/types\/page"}],"author":[{"embeddable":true,"href":"https:\/\/lylo.mesracinescambodge.fr\/index.php?rest_route=\/wp\/v2\/users\/3"}],"replies":[{"embeddable":true,"href":"https:\/\/lylo.mesracinescambodge.fr\/index.php?rest_route=%2Fwp%2Fv2%2Fcomments&post=680"}],"version-history":[{"count":12,"href":"https:\/\/lylo.mesracinescambodge.fr\/index.php?rest_route=\/wp\/v2\/pages\/680\/revisions"}],"predecessor-version":[{"id":1382,"href":"https:\/\/lylo.mesracinescambodge.fr\/index.php?rest_route=\/wp\/v2\/pages\/680\/revisions\/1382"}],"wp:attachment":[{"href":"https:\/\/lylo.mesracinescambodge.fr\/index.php?rest_route=%2Fwp%2Fv2%2Fmedia&parent=680"}],"curies":[{"name":"wp","href":"https:\/\/api.w.org\/{rel}","templated":true}]}}