{"id":888,"date":"2019-04-03T17:36:30","date_gmt":"2019-04-03T15:36:30","guid":{"rendered":"https:\/\/lylo.mesracinescambodge.fr\/?page_id=888"},"modified":"2019-04-03T17:45:43","modified_gmt":"2019-04-03T15:45:43","slug":"pitipi-place-to-play","status":"publish","type":"page","link":"https:\/\/lylo.mesracinescambodge.fr\/?page_id=888","title":{"rendered":"PiTiPi \u2013 Place To Play"},"content":{"rendered":"<p style=\"text-align: justify;\"><span style=\"color: #000000; font-family: tahoma,arial,helvetica,sans-serif;\">En D\u00e9cembre, nous avons fait <span style=\"color: #008080;\"><strong>une superbe rencontre\u00a0: Lulu.<\/strong><\/span> Lulu est animatrice. Elle est arriv\u00e9e il y a 10 ans au Cambodge. Au d\u00e9part pour y rester pour une dur\u00e9e limit\u00e9e, elle ne prendra finalement <strong><span style=\"color: #008080;\">pas de billet retour\u00a0<\/span><\/strong>! Un jour, avec sa petite moto et une remorque remplie de jeux, elle d\u00e9cide de donner l\u2019opportunit\u00e9 <span style=\"color: #008080;\"><strong>aux enfants des rues<\/strong> <\/span>d\u2019avoir un <strong><span style=\"color: #008080;\">acc\u00e8s gratuit aux jeux<\/span><\/strong>. Elle va aussi faire la connaissance d\u2019un homme qui travaille en tant que menuiser et qui lui construira de magnifiques jeux en bois. Petit-\u00e0-petit, sa remorque se remplit de jeux (dons, fabrication par ses soins ou avec l\u2019aide de son ami menuisier\u2026) et elle devient trop petite pour tout contenir\u00a0!<\/span><\/p>\n<p style=\"text-align: justify;\"><span style=\"color: #000000; font-family: tahoma,arial,helvetica,sans-serif;\">Ses fr\u00e8res et s\u0153urs ont donc pris l\u2019initiative de se lancer dans le crowdfounding afin de lui financer\u2026 <strong><span style=\"color: #008080;\">Un camion\u00a0!<\/span><\/strong> Et l\u00e0 c\u2019est plut\u00f4t impressionnant, on vous pr\u00e9vient. Le camion est <strong><span style=\"color: #008080;\">ENTIEREMENT am\u00e9nag\u00e9\u00a0pour y vivre\u00a0<\/span><\/strong>! Son ami qui l\u2019aidait \u00e0 faire ses jeux l\u2019a aussi aid\u00e9 pour transformer ce vieux camion en un <strong><span style=\"color: #008080;\">camion-maison-jeux<\/span><\/strong>. Depuis 2 ans, elle vit entre son camion et les assos dans lesquelles elle se d\u00e9place. <\/span><\/p>\n<p style=\"text-align: justify;\"><img decoding=\"async\" loading=\"lazy\" class=\"alignnone wp-image-890 size-full\" src=\"https:\/\/lylo.mesracinescambodge.fr\/wp-content\/uploads\/2019\/01\/chistmas-party-36-1.jpg\" alt=\"\" width=\"3456\" height=\"4608\" srcset=\"https:\/\/lylo.mesracinescambodge.fr\/wp-content\/uploads\/2019\/01\/chistmas-party-36-1.jpg 3456w, https:\/\/lylo.mesracinescambodge.fr\/wp-content\/uploads\/2019\/01\/chistmas-party-36-1-225x300.jpg 225w, https:\/\/lylo.mesracinescambodge.fr\/wp-content\/uploads\/2019\/01\/chistmas-party-36-1-768x1024.jpg 768w\" sizes=\"(max-width: 706px) 89vw, (max-width: 767px) 82vw, 740px\" \/><\/p>\n<p style=\"text-align: justify;\"><span style=\"color: #000000; font-family: tahoma,arial,helvetica,sans-serif;\">Majoritairement, elle reste \u00e0 Kep aux c\u00f4t\u00e9s du bibliobus SIPAR, et vient quelques fois \u00e0 Phnom Penh. Elle est cependant\u00a0tr\u00e8s mobile, et <strong><span style=\"color: #008080;\">s\u2019adapte \u00e9norm\u00e9ment aux diff\u00e9rentes demandes<\/span><\/strong> qu\u2019elle peut avoir. Pour Lulu, il y a <strong><span style=\"color: #008080;\">toujours une solution, en toutes circonstances\u00a0<\/span><\/strong>! Qu\u2019il pleuve, qu\u2019il vente, qu\u2019il neige (bon, \u00e7a c\u2019est peu probable ok), qu\u2019il fasse 40\u00b0C, Lulu est toujours l\u00e0\u00a0! Hors de question pour elle de priver les enfants de jeux.<\/span><\/p>\n<p style=\"text-align: justify;\"><span style=\"color: #000000; font-family: tahoma,arial,helvetica,sans-serif;\"><strong><span style=\"color: #008080;\">Dans son camion, on trouve de tout\u00a0<\/span><\/strong>: des puzzles, des poup\u00e9es, des cerceaux, des animaux en plastique, des jeux de logique et de strat\u00e9gie (les dames, les \u00e9checs, les petits chevaux\u2026), des jeux g\u00e9ants (puissance 4, twister, attrape-poisson\u2026), des bilboquets, des cordes \u00e0 sauter, des livres, des jeux pour le bac \u00e0 sable, des jeux de construction en bois, des l\u00e9gos\u2026 Mais aussi la possibilit\u00e9 d\u2019installer de quoi faire de l\u2019art du cirque et des ateliers cr\u00e9atifs (masques, dessins, jeux en papier\u2026). Et tout \u00e7a, <strong><span style=\"color: #008080;\">\u00e0 partir de produits recycl\u00e9s\u2026<\/span><\/strong> C\u2019est tout simplement incroyable\u00a0d\u2019avoir r\u00e9ussi \u00e0 cr\u00e9er <strong><span style=\"color: #008080;\">cette petite merveille.<\/span> <\/strong><\/span><\/p>\n<p style=\"text-align: justify;\"><img decoding=\"async\" loading=\"lazy\" class=\"alignnone size-medium wp-image-892\" src=\"https:\/\/lylo.mesracinescambodge.fr\/wp-content\/uploads\/2019\/01\/chistmas-party-37-225x300.jpg\" alt=\"\" width=\"225\" height=\"300\" srcset=\"https:\/\/lylo.mesracinescambodge.fr\/wp-content\/uploads\/2019\/01\/chistmas-party-37-225x300.jpg 225w, https:\/\/lylo.mesracinescambodge.fr\/wp-content\/uploads\/2019\/01\/chistmas-party-37-768x1024.jpg 768w\" sizes=\"(max-width: 225px) 100vw, 225px\" \/>\u00a0<img decoding=\"async\" loading=\"lazy\" class=\"alignnone size-medium wp-image-893\" src=\"https:\/\/lylo.mesracinescambodge.fr\/wp-content\/uploads\/2019\/01\/chistmas-party-38-225x300.jpg\" alt=\"\" width=\"225\" height=\"300\" srcset=\"https:\/\/lylo.mesracinescambodge.fr\/wp-content\/uploads\/2019\/01\/chistmas-party-38-225x300.jpg 225w, https:\/\/lylo.mesracinescambodge.fr\/wp-content\/uploads\/2019\/01\/chistmas-party-38-768x1024.jpg 768w\" sizes=\"(max-width: 225px) 100vw, 225px\" \/> <img decoding=\"async\" loading=\"lazy\" class=\"alignnone size-medium wp-image-894\" src=\"https:\/\/lylo.mesracinescambodge.fr\/wp-content\/uploads\/2019\/01\/chistmas-party-39-225x300.jpg\" alt=\"\" width=\"225\" height=\"300\" srcset=\"https:\/\/lylo.mesracinescambodge.fr\/wp-content\/uploads\/2019\/01\/chistmas-party-39-225x300.jpg 225w, https:\/\/lylo.mesracinescambodge.fr\/wp-content\/uploads\/2019\/01\/chistmas-party-39-768x1024.jpg 768w\" sizes=\"(max-width: 225px) 100vw, 225px\" \/>\u00a0<img decoding=\"async\" loading=\"lazy\" class=\"alignnone size-medium wp-image-895\" src=\"https:\/\/lylo.mesracinescambodge.fr\/wp-content\/uploads\/2019\/01\/chistmas-party-40-225x300.jpg\" alt=\"\" width=\"225\" height=\"300\" srcset=\"https:\/\/lylo.mesracinescambodge.fr\/wp-content\/uploads\/2019\/01\/chistmas-party-40-225x300.jpg 225w, https:\/\/lylo.mesracinescambodge.fr\/wp-content\/uploads\/2019\/01\/chistmas-party-40-768x1024.jpg 768w\" sizes=\"(max-width: 225px) 100vw, 225px\" \/> <img decoding=\"async\" loading=\"lazy\" class=\"alignnone size-medium wp-image-896\" src=\"https:\/\/lylo.mesracinescambodge.fr\/wp-content\/uploads\/2019\/01\/chistmas-party-41-1-225x300.jpg\" alt=\"\" width=\"225\" height=\"300\" srcset=\"https:\/\/lylo.mesracinescambodge.fr\/wp-content\/uploads\/2019\/01\/chistmas-party-41-1-225x300.jpg 225w, https:\/\/lylo.mesracinescambodge.fr\/wp-content\/uploads\/2019\/01\/chistmas-party-41-1-768x1024.jpg 768w\" sizes=\"(max-width: 225px) 100vw, 225px\" \/><\/p>\n<p style=\"text-align: justify;\"><span style=\"color: #000000; font-family: tahoma,arial,helvetica,sans-serif;\">Pour Lulu, ce n\u2019est pas facile tous les jours. <strong><span style=\"color: #008080;\">Financi\u00e8rement, il faut s\u2019accrocher<\/span><\/strong>. Et psychiquement aussi\u00a0: \u00eatre seule dans un projet comme celui-l\u00e0, ce n\u2019est vraiment pas de tout repos. Mais Lulu tient \u00e0 tout prix \u00e0 ce que les jeux pour les enfants des rues\u00a0soient accessibles et surtout gratuits. Nous imaginons que <strong><span style=\"color: #008080;\">le sourire et la joie des enfants l\u2019aident \u00e0 tenir le cap\u00a0<\/span><\/strong>et lui apportent toute la reconnaissance qu\u2019elle m\u00e9rite. <\/span><\/p>\n<p style=\"text-align: justify;\"><span style=\"color: #000000; font-family: tahoma,arial,helvetica,sans-serif;\">Et d\u2019ailleurs, on r\u00e9p\u00e8te que c\u2019est pour les enfants\u2026 Mais en fait, tu peux <strong><span style=\"color: #008080;\">jouer jusqu\u2019\u00e0 tes 101 ans\u00a0<\/span><\/strong>! C\u2019est Lulu qui le dit, alors nous on ne se prive pas\u00a0!<\/span><\/p>\n<p style=\"text-align: justify;\"><span style=\"font-family: tahoma,arial,helvetica,sans-serif;\">Voici <span style=\"color: #008080;\"><strong>sa page\u00a0facebook : <span style=\"color: #800000;\"><a style=\"color: #800000;\" href=\"https:\/\/www.facebook.com\/pitipikampuchea\/\" target=\"_blank\" rel=\"noopener noreferrer\">Pitipi Place to Play<\/a><\/span><\/strong><\/span>,\u00a0si vous souhaitez suivre ces aventures, si vous avez un projet \u00e0 envisager avec elle au Cambodge, si vous voulez la soutenir\u2026<\/span><\/p>\n<p style=\"text-align: justify;\"><span style=\"font-family: tahoma,arial,helvetica,sans-serif;\">Vous l&rsquo;aurez compris Pitipi est une <strong><span style=\"color: #008080;\">tr\u00e8s<\/span> <span style=\"color: #008080;\">tr\u00e8s tr\u00e8s belle<\/span> <span style=\"color: #008080;\">rencontre<\/span> <\/strong>pour nous dans ce projet que nous menons autour du jeu (qu&rsquo;est ce qu&rsquo;on aurait aim\u00e9 l&rsquo;avoir \u00e0 nos c\u00f4t\u00e9s durant 9 mois entier)! <\/span><\/p>\n<p style=\"text-align: justify;\"><span style=\"font-family: tahoma,arial,helvetica,sans-serif;\">D&rsquo;ailleurs pour <strong><span style=\"color: #008080;\">la petite anecdote<\/span> : <\/strong>l&rsquo;article de journal ouest France \u00e9voquant notre projet autour du jeu s&rsquo;est retrouv\u00e9 au Cambodge\u2026 La s\u0153ur de Lulu, Marie habitant \u00e0 c\u00f4t\u00e9 de Nantes, le lui a ramen\u00e9 pour lui montrer que deux jeunes faisaient un projet jeu\u2026 2 jours plus tard nous l&rsquo;avons contact\u00e9 pour la rencontrer ! Le hasard fait bien les choses \ud83d\ude09 <\/span><\/p>\n<p style=\"text-align: justify;\"><span style=\"font-family: tahoma,arial,helvetica,sans-serif;\">Alors oui vous n&rsquo;avez pas finis d&rsquo;en entendre parler, c&rsquo;est pourquoi on s&rsquo;est dit que c&rsquo;\u00e9tait plus simple de lui d\u00e9dier une page sur notre blog. Ainsi ici vous retrouverez <strong><span style=\"color: #008080;\">tous<\/span> <span style=\"color: #008080;\">les articles<\/span> <span style=\"color: #008080;\">concernant<\/span> <span style=\"color: #008080;\">nos projets avec Lulu<\/span> <span style=\"color: #008080;\">et <\/span><span style=\"color: #008080;\">son <\/span><span style=\"color: #008080;\">camion <\/span><span style=\"color: #008080;\">du <\/span><span style=\"color: #008080;\">bonheur<\/span> <\/strong>!<\/span><\/p>\n<ul>\n<li style=\"text-align: justify;\"><a href=\"https:\/\/lylo.mesracinescambodge.fr\/?p=838\" target=\"_blank\" rel=\"noopener noreferrer\">Pitipi \u00e0 Taramana pour la Christmas Party !<\/a><\/li>\n<li style=\"text-align: justify;\"><a href=\"https:\/\/lylo.mesracinescambodge.fr\/?p=1180\" target=\"_blank\" rel=\"noopener noreferrer\">Pitipi \u00e0 LRDE<\/a><\/li>\n<li>Pitipi \u00e0 MRVC<span style=\"font-size: 10pt;\"> (en attente\u2026)<\/span><\/li>\n<\/ul>\n","protected":false},"excerpt":{"rendered":"<p>En D\u00e9cembre, nous avons fait une superbe rencontre\u00a0: Lulu. Lulu est animatrice. Elle est arriv\u00e9e il y a 10 ans au Cambodge. Au d\u00e9part pour y rester pour une dur\u00e9e limit\u00e9e, elle ne prendra finalement pas de billet retour\u00a0! Un jour, avec sa petite moto et une remorque remplie de jeux, elle d\u00e9cide de donner &hellip; <\/p>\n<p class=\"link-more\"><a href=\"https:\/\/lylo.mesracinescambodge.fr\/?page_id=888\" class=\"more-link\">Continuer la lecture<span class=\"screen-reader-text\"> de &laquo;&nbsp;PiTiPi \u2013 Place To Play&nbsp;&raquo;<\/span><\/a><\/p>\n","protected":false},"author":3,"featured_media":0,"parent":0,"menu_order":0,"comment_status":"closed","ping_status":"closed","template":"","meta":{"footnotes":""},"_links":{"self":[{"href":"https:\/\/lylo.mesracinescambodge.fr\/index.php?rest_route=\/wp\/v2\/pages\/888"}],"collection":[{"href":"https:\/\/lylo.mesracinescambodge.fr\/index.php?rest_route=\/wp\/v2\/pages"}],"about":[{"href":"https:\/\/lylo.mesracinescambodge.fr\/index.php?rest_route=\/wp\/v2\/types\/page"}],"author":[{"embeddable":true,"href":"https:\/\/lylo.mesracinescambodge.fr\/index.php?rest_route=\/wp\/v2\/users\/3"}],"replies":[{"embeddable":true,"href":"https:\/\/lylo.mesracinescambodge.fr\/index.php?rest_route=%2Fwp%2Fv2%2Fcomments&post=888"}],"version-history":[{"count":7,"href":"https:\/\/lylo.mesracinescambodge.fr\/index.php?rest_route=\/wp\/v2\/pages\/888\/revisions"}],"predecessor-version":[{"id":1197,"href":"https:\/\/lylo.mesracinescambodge.fr\/index.php?rest_route=\/wp\/v2\/pages\/888\/revisions\/1197"}],"wp:attachment":[{"href":"https:\/\/lylo.mesracinescambodge.fr\/index.php?rest_route=%2Fwp%2Fv2%2Fmedia&parent=888"}],"curies":[{"name":"wp","href":"https:\/\/api.w.org\/{rel}","templated":true}]}}