{"id":9,"date":"2018-07-27T20:10:43","date_gmt":"2018-07-27T20:10:43","guid":{"rendered":"https:\/\/lylo.mesracinescambodge.fr\/?page_id=9"},"modified":"2019-02-23T08:26:20","modified_gmt":"2019-02-23T06:26:20","slug":"a-homepage-section","status":"publish","type":"page","link":"https:\/\/lylo.mesracinescambodge.fr\/?page_id=9","title":{"rendered":"Notre Projet"},"content":{"rendered":"<p style=\"text-align: justify;\"><span style=\"font-family: tahoma,arial,helvetica,sans-serif; font-size: 12pt;\"><strong>Retour sur notre projet, plus d\u00e9taill\u00e9 dans cet article :<\/strong><\/span><\/p>\n<p style=\"text-align: justify;\"><span style=\"font-family: tahoma,arial,helvetica,sans-serif; font-size: 12pt;\">Le dipl\u00f4me en poche donc, nous voil\u00e0 <strong><span style=\"color: #008080;\">\u00e9ducatrices de jeunes enfants<\/span> <\/strong>en recherche active d&rsquo;un poste \u00e0 Nantes ou \u00e0 Paris&#8230;<\/span><\/p>\n<p style=\"text-align: justify;\"><span style=\"font-family: tahoma,arial,helvetica,sans-serif; font-size: 12pt;\">Noooooon ! Surtout pas pour le moment&#8230; L&rsquo;envie de trouver un CDI (ou un CDD, on ne va pas faire nos difficiles) ce n\u2019est pas pour tout de suite. Non non, on attend qu&rsquo;une chose : <strong><span style=\"color: #62b2bd;\"><span style=\"color: #008080;\">partir 9 mois \u00e0 l&rsquo;aventure au Cambodge<\/span><\/span><\/strong>, et le d\u00e9part est pr\u00e9vu le <span style=\"color: #008080;\"><strong>6 Novembre 2018.<\/strong><\/span><\/span><\/p>\n<p style=\"text-align: justify;\"><span style=\"font-family: tahoma,arial,helvetica,sans-serif; font-size: 12pt;\"><strong>Mais d&rsquo;o\u00f9 vient cette id\u00e9e saugrenue de partir si loin si longtemps ?<\/strong> <strong>Pourquoi le Cambodge ?<\/strong><\/span><\/p>\n<p style=\"text-align: justify;\"><span style=\"font-family: tahoma,arial,helvetica,sans-serif; font-size: 12pt;\">Et bien depuis maintenant un p&rsquo;tit bout de temps (2009 pour \u00eatre exacte), une amie de mon papa (ah oui, l\u00e0, c&rsquo;est Lyly qui r\u00e9dige) est partie au Cambodge pour quelques mois. A son retour, l&rsquo;envie d&rsquo;apporter son aide aux enfants se fait sentir&#8230; Et voil\u00e0, l&rsquo;asso <strong>MRVC<\/strong> (Mes Racines Viennent du Cambodge) est n\u00e9e ! Et nous, les r\u00e9cits des voyages et les photos, \u00e7a nous a dr\u00f4lement donn\u00e9 envie de partir. Et le meilleur moment pour y aller, on a pens\u00e9 que c&rsquo;\u00e9tait bien sur apr\u00e8s les \u00e9tudes, quand (presque) rien ne nous retient !<\/span><\/p>\n<p style=\"text-align: justify;\"><span style=\"font-family: tahoma,arial,helvetica,sans-serif; font-size: 12pt;\">Vous pouvez retrouver le blog de l&rsquo;asso <span style=\"color: #d6455f;\"><strong><span style=\"color: #800000;\"><a style=\"color: #800000;\" href=\"https:\/\/www.mesracinescambodge.fr\/\">ici<\/a><\/span>.<\/strong><\/span><\/span><\/p>\n<p style=\"text-align: justify;\"><span style=\"font-family: tahoma,arial,helvetica,sans-serif; font-size: 12pt;\">Revenons-en \u00e0 nos moutons :<\/span><\/p>\n<p style=\"text-align: justify;\"><span style=\"font-family: tahoma,arial,helvetica,sans-serif; font-size: 12pt;\">Dans un premier temps, <strong><span style=\"color: #008080;\">nous allons atterrir \u00e0 Phnom Penh<\/span><\/strong>, la capitale. Et de l\u00e0 va commencer notre p\u00e9riple de 9 mois.<\/span><\/p>\n<p style=\"text-align: justify;\"><span style=\"font-family: tahoma,arial,helvetica,sans-serif; font-size: 12pt;\">Pour en savoir plus si notre itin\u00e9raire qui se pr\u00e9cise de plus en plus, il vous suffit de cliquer juste<span style=\"color: #800000;\"><a href=\"https:\/\/lylo.mesracinescambodge.fr\/?p=416\"> <strong>l\u00e0<\/strong><\/a>.<\/span><\/span><\/p>\n<p style=\"text-align: justify;\"><span style=\"font-family: tahoma,arial,helvetica,sans-serif; font-size: 12pt;\">Nous serons accueillies au sein de plusieurs associations comprenant des orphelinats ou des centres d\u2019accueil de jour, des \u00e9coles\u2026<\/span><\/p>\n<p style=\"text-align: justify;\"><span style=\"font-family: tahoma,arial,helvetica,sans-serif; font-size: 12pt;\">Nous aimerions articuler notre <strong><span style=\"color: #008080;\">projet autour du jeu.<\/span><\/strong> Plus pr\u00e9cis\u00e9ment, notre objectif est d&rsquo;amener les enfants \u00e0 <strong><em>\u00ab\u00a0<span style=\"color: #008080;\">Apprendre en jouant : encourager la d\u00e9marche \u00e9ducative aupr\u00e8s des enfants par le jeu\u00a0\u00bb<\/span><\/em><\/strong><span style=\"color: #008080;\">.<\/span> C\u2019est en quelque sorte notre fil rouge du voyage.<\/span><\/p>\n<p style=\"text-align: justify;\"><span style=\"font-family: tahoma,arial,helvetica,sans-serif; font-size: 12pt;\">\u00a0La diff\u00e9rence d&rsquo;\u00e2ge entre les enfants et adolescents sera pour nous l&rsquo;occasion d&rsquo;adapter notre projet : jeux d&rsquo;\u00e9quipe\/coh\u00e9sion, jeux autour des \u00e9motions, jeux sportifs&#8230; dans le but de nous amener \u00e0 une r\u00e9flexion commune autour de valeurs qui nous sont ch\u00e8res (le respect mutuel, apprendre de ses \u00e9checs, le partage, la communication, l&rsquo;entre-aide&#8230;)<\/span><\/p>\n<p style=\"text-align: justify;\"><span style=\"font-family: tahoma,arial,helvetica,sans-serif; font-size: 12pt;\">Nous allons \u00e9galement essayer <span style=\"color: #008080;\"><strong>organiser des sorties culturelles<\/strong> <\/span>avec les enfants : nous avons en t\u00eate (entre autre) de contacter sur place des associations de danse, de chants, de musique&#8230; pour finalement mettre en sc\u00e8ne un spectacle.<\/span><\/p>\n<p style=\"text-align: justify;\"><span style=\"font-family: tahoma,arial,helvetica,sans-serif; font-size: 12pt;\"><strong><span style=\"color: #008080;\"><em>Eh d&rsquo;ailleurs, si vous avez des id\u00e9es de jeu(x), partagez-les nous en commentaire ! On se fera un plaisir de les exp\u00e9rimenter et de vous faire un retour \ud83d\ude42<\/em><\/span><\/strong><\/span><\/p>\n<p style=\"text-align: justify;\"><span style=\"font-family: tahoma,arial,helvetica,sans-serif; font-size: 12pt;\"><strong>Pourquoi ce projet autour du jeu\u00a0? <\/strong><\/span><\/p>\n<p style=\"text-align: justify;\"><span style=\"font-family: tahoma,arial,helvetica,sans-serif; font-size: 12pt;\">D\u2019une part par rapport \u00e0 l\u2019histoire du Cambodge notamment avec les khmers rouges. En effet, ce pass\u00e9 a eu un impact important sur l\u2019acc\u00e8s \u00e0 la culture, \u00e0 l\u2019\u00e9ducation et plus largement \u00e0 l\u2019\u00e9veil.<\/span><\/p>\n<p style=\"text-align: justify;\"><span style=\"font-family: tahoma,arial,helvetica,sans-serif; font-size: 12pt;\">Et puis c\u2019est notre identit\u00e9 d\u2019Educatrice de Jeunes Enfants qui vient s\u2019en m\u00ealer. On souhaite pouvoir \u00e9changer tout en sensibilisant les personnes qui l\u2019on rencontrera dans les institutions, \u00e0 la place importante du jeu dans l\u2019\u00e9ducation de l\u2019enfant.<\/span><\/p>\n<p style=\"text-align: justify;\"><span style=\"font-family: tahoma,arial,helvetica,sans-serif; font-size: 12pt;\">Le jeu sous toutes ses formes et tout ce qu\u2019il permet.<\/span><\/p>\n<p style=\"text-align: justify;\"><span style=\"font-family: tahoma,arial,helvetica,sans-serif; font-size: 12pt;\">Au-del\u00e0 de notre objectif principal, nous voulons <strong><span style=\"color: #008080;\">participer \u00e0 la vie quotidienne<\/span> <\/strong>avec les enfants et les adultes, <strong><span style=\"color: #008080;\">observer<\/span> <\/strong>les diff\u00e9rents fonctionnements et organisations, aller<strong><span style=\"color: #008080;\"> rencontrer et \u00e9changer<\/span> <\/strong>avec des professionnels de la petite enfance (cr\u00e8ches, \u00e9coles, orphelinats&#8230;), <strong><span style=\"color: #008080;\">prendre le temps, apprendre<\/span> <\/strong>\u00e0 conna\u00eetre chaque enfant.<\/span><\/p>\n<p style=\"text-align: justify;\"><span style=\"font-family: tahoma,arial,helvetica,sans-serif; font-size: 12pt;\">C&rsquo;est quelque chose d&rsquo;important pour nous car nous allons adapter nos jeux et activit\u00e9s en fonction des personnalit\u00e9s de chacun, de leurs go\u00fbts, de leurs pr\u00e9f\u00e9rences, de leurs envies&#8230;<\/span><\/p>\n<p style=\"text-align: justify;\"><span style=\"font-family: tahoma,arial,helvetica,sans-serif; font-size: 12pt;\">L&rsquo;organisation est en cours, mais pour le moment l&rsquo;objectif est clair pour nous : rencontrer des professionnels, des enfants, des adolescents, des personnes engag\u00e9es dans l\u2019\u00e9ducation des enfants, pour <strong><span style=\"color: #008080;\">d\u00e9couvrir et \u00e9changer un maximum sur nos cultures et l&rsquo;impact que cela a sur les pratiques \u00e9ducatives.<\/span><\/strong><\/span><\/p>\n<p style=\"text-align: justify;\"><span style=\"font-family: tahoma,arial,helvetica,sans-serif; font-size: 12pt;\"><span style=\"color: #008080;\"><strong>La rencontre<\/strong> <\/span>avec tout ce petit monde, c&rsquo;est une part cons\u00e9quente de notre projet ! Il nous parait essentiel de cr\u00e9er une <span style=\"color: #008080;\">relation <strong>de co-construction et de confiance<\/strong><\/span> avec eux.<\/span><\/p>\n<p style=\"text-align: justify;\"><span style=\"font-family: tahoma,arial,helvetica,sans-serif; font-size: 12pt;\">Nous avons \u00e0 c\u0153ur que ce projet prenne sens pour tous ceux qui vont y participer, de pr\u00e8s ou de loin.<\/span><\/p>\n<p style=\"text-align: justify;\"><span style=\"font-family: tahoma,arial,helvetica,sans-serif; font-size: 12pt;\"><strong>Apprendre des uns des autres, c&rsquo;est l\u00e0 toute la richesse de ce voyage&#8230;<\/strong><\/span><\/p>\n<p style=\"text-align: justify;\"><span style=\"font-family: tahoma,arial,helvetica,sans-serif; font-size: 12pt;\">Mais pour r\u00e9aliser toutes ces belles choses, vous vous en doutez, on y vient, c&rsquo;est toujours lui qui cause des soucis&#8230; L&rsquo;argent !<\/span><\/p>\n<p style=\"text-align: justify;\"><span style=\"font-family: tahoma,arial,helvetica,sans-serif; font-size: 12pt;\">Pour mener \u00e0 bien ce projet, nous avons cr\u00e9\u00e9 une cagnotte en ligne. Cette <span style=\"color: #800000;\"><strong><a style=\"color: #800000;\" href=\"https:\/\/www.papayoux.com\/fr\/cagnotte\/le-jeu-le-langage-des-enfants-au-dela-des-frontieres\">cagnotte Papayoux<\/a><\/strong> <\/span>est l\u00e0 pour nous permettre de nous aider \u00e0 acheter du mat\u00e9riel \u00e9ducatif, organiser des sorties culturelles avec les enfants, prendre en charge nos d\u00e9placements lorsque nous irons rencontrer d&rsquo;autres professionnels de la petite enfance au Cambodge.<\/span><\/p>\n<p style=\"text-align: justify;\"><span style=\"font-family: tahoma,arial,helvetica,sans-serif; font-size: 12pt;\">Afin d&rsquo;\u00eatre compl\u00e8tement transparente sur nos d\u00e9penses et nos recettes, vous pourrez retrouver notre budget pr\u00e9visionnel d\u00e9taill\u00e9 <a href=\"https:\/\/lylo.mesracinescambodge.fr\/?p=216\"><span style=\"color: #800000;\"><strong>juste l\u00e0<\/strong><\/span>.<\/a><\/span><\/p>\n<p style=\"text-align: justify;\"><span style=\"font-family: tahoma,arial,helvetica,sans-serif; font-size: 12pt;\">Apr\u00e8s cette petite pr\u00e9sentation plus d\u00e9taill\u00e9e, on vous laisse voyager sur notre blog&#8230;<\/span><\/p>\n<p style=\"text-align: center;\"><span style=\"font-family: tahoma,arial,helvetica,sans-serif; font-size: 12pt;\"><strong>Bonne visite !<\/strong><\/span><\/p>\n<p style=\"text-align: justify;\">\n","protected":false},"excerpt":{"rendered":"<p>Retour sur notre projet, plus d\u00e9taill\u00e9 dans cet article : Le dipl\u00f4me en poche donc, nous voil\u00e0 \u00e9ducatrices de jeunes enfants en recherche active d&rsquo;un poste \u00e0 Nantes ou \u00e0 Paris&#8230; Noooooon ! Surtout pas pour le moment&#8230; L&rsquo;envie de trouver un CDI (ou un CDD, on ne va pas faire nos difficiles) ce n\u2019est &hellip; <\/p>\n<p class=\"link-more\"><a href=\"https:\/\/lylo.mesracinescambodge.fr\/?page_id=9\" class=\"more-link\">Continuer la lecture<span class=\"screen-reader-text\"> de &laquo;&nbsp;Notre Projet&nbsp;&raquo;<\/span><\/a><\/p>\n","protected":false},"author":1,"featured_media":0,"parent":0,"menu_order":3,"comment_status":"closed","ping_status":"closed","template":"","meta":{"footnotes":""},"_links":{"self":[{"href":"https:\/\/lylo.mesracinescambodge.fr\/index.php?rest_route=\/wp\/v2\/pages\/9"}],"collection":[{"href":"https:\/\/lylo.mesracinescambodge.fr\/index.php?rest_route=\/wp\/v2\/pages"}],"about":[{"href":"https:\/\/lylo.mesracinescambodge.fr\/index.php?rest_route=\/wp\/v2\/types\/page"}],"author":[{"embeddable":true,"href":"https:\/\/lylo.mesracinescambodge.fr\/index.php?rest_route=\/wp\/v2\/users\/1"}],"replies":[{"embeddable":true,"href":"https:\/\/lylo.mesracinescambodge.fr\/index.php?rest_route=%2Fwp%2Fv2%2Fcomments&post=9"}],"version-history":[{"count":23,"href":"https:\/\/lylo.mesracinescambodge.fr\/index.php?rest_route=\/wp\/v2\/pages\/9\/revisions"}],"predecessor-version":[{"id":1134,"href":"https:\/\/lylo.mesracinescambodge.fr\/index.php?rest_route=\/wp\/v2\/pages\/9\/revisions\/1134"}],"wp:attachment":[{"href":"https:\/\/lylo.mesracinescambodge.fr\/index.php?rest_route=%2Fwp%2Fv2%2Fmedia&parent=9"}],"curies":[{"name":"wp","href":"https:\/\/api.w.org\/{rel}","templated":true}]}}